{"id":394,"date":"2025-06-04T19:31:50","date_gmt":"2025-06-04T17:31:50","guid":{"rendered":"https:\/\/kopiveno.cyon.site\/index.php\/consulenze-online\/"},"modified":"2026-01-03T00:22:08","modified_gmt":"2026-01-02T23:22:08","slug":"consulenze-online","status":"publish","type":"page","link":"https:\/\/studiomenla.ch\/de\/index.php\/consulenze-online\/","title":{"rendered":"Online Konsultationen"},"content":{"rendered":"\n<style type=\"text\/css\" data-created_by=\"avia_inline_auto\" id=\"style-css-av-mbutzp23-741446a2f4ae595f330eda2ec270f943\">\n.avia-section.av-mbutzp23-741446a2f4ae595f330eda2ec270f943{\nbackground-repeat:no-repeat;\nbackground-image:url(https:\/\/studiomenla.ch\/wp-content\/uploads\/2025\/06\/AdobeStock_398225523-scaled.jpeg);\nbackground-position:50% 100%;\nbackground-attachment:fixed;\n}\n<\/style>\n<div id='av_section_1'  class='avia-section av-mbutzp23-741446a2f4ae595f330eda2ec270f943 main_color avia-section-default avia-no-border-styling  avia-builder-el-0  el_before_av_two_third  avia-builder-el-first  avia-full-stretch avia-bg-style-fixed av-minimum-height av-minimum-height-50 av-height-50  container_wrap fullsize'  data-section-bg-repeat='stretch' data-av_minimum_height_pc='50' data-av_min_height_opt='50'><div class='container av-section-cont-open' ><main  role=\"main\" itemprop=\"mainContentOfPage\"  class='template-page content  av-content-full alpha units'><div class='post-entry post-entry-type-page post-entry-394'><div class='entry-content-wrapper clearfix'><\/div><\/div><\/main><!-- close content main element --><\/div><\/div><div id='after_section_1'  class='main_color av_default_container_wrap container_wrap fullsize'  ><div class='container av-section-cont-open' ><div class='template-page content  av-content-full alpha units'><div class='post-entry post-entry-type-page post-entry-394'><div class='entry-content-wrapper clearfix'>\n<div  class='flex_column av-kgq-58ba9c16f4eb885a7e8f27b0606ddeb7 av_two_third  avia-builder-el-1  el_after_av_section  el_before_av_one_third  avia-builder-el-first  first flex_column_div  '     ><p>\n<style type=\"text\/css\" data-created_by=\"avia_inline_auto\" id=\"style-css-av-mauszaco-78e9cbf260972451c426356c520ec3a6\">\n#top .av-special-heading.av-mauszaco-78e9cbf260972451c426356c520ec3a6{\npadding-bottom:10px;\n}\nbody .av-special-heading.av-mauszaco-78e9cbf260972451c426356c520ec3a6 .av-special-heading-tag .heading-char{\nfont-size:25px;\n}\n.av-special-heading.av-mauszaco-78e9cbf260972451c426356c520ec3a6 .av-subheading{\nfont-size:15px;\n}\n<\/style>\n<div  class='av-special-heading av-mauszaco-78e9cbf260972451c426356c520ec3a6 av-special-heading-h1 blockquote modern-quote  avia-builder-el-2  el_before_av_textblock  avia-builder-el-first '><h1 class='av-special-heading-tag'  itemprop=\"headline\"  >\ud83d\udcbb Online Konsultationen<\/h1><div class=\"special-heading-border\"><div class=\"special-heading-inner-border\"><\/div><\/div><\/div><br \/>\n<section  class='av_textblock_section av-46sy-116cffbd50feea9e27998052508e0657 '   itemscope=\"itemscope\" itemtype=\"https:\/\/schema.org\/CreativeWork\" ><div class='avia_textblock'  itemprop=\"text\" ><p><b>DAOcare Online<\/b><\/p>\n<p>TCM. Digital. Verbunden.<\/p>\n<p>Heilkunst im Einklang &#8211; TCM online erleben.<\/p>\n<p>DAOcare Online bringt die Weisheit der Traditionellen Chinesischen Medizin in die digitale Gegenwart und verbindet die Kraft der Traditionellen Chinesischen Medizin mit der Flexibilit\u00e4t moderner Technologie.<\/p>\n<p>Das Dao &#8211; der Weg &#8211; steht f\u00fcr Harmonie, Balance und ein Leben im Einklang mit der Natur.<\/p>\n<p>Mit modernen Online-Sprechstunden vereint DAOcare jahrtausendealtes Wissen mit zeitgem\u00e4sser Technologie, um Menschen sanft, pr\u00e4zise und individuell auf ihrem Gesundheitsweg zu begleiten. Ob Beratung, Diagnose oder pers\u00f6nlicher Gesundheitsplan \u2013 unsere virtuellen TCM-Sprechstunden begleiten dich auf deinem individuellen Weg zu mehr Balance, Energie und Wohlbefinden.<span class=\"Apple-converted-space\">\u00a0<\/span><\/p>\n<p>Wir bieten individuelle Di\u00e4tetik- und Kr\u00e4uterempfehlungen, optimale Erreichbarkeit bei R\u00fcckfragen, Betreuung zwischen den Terminen und sichere Kommunikations- und Terminverwaltung.<\/p>\n<p>Wir sprechen Deutsch, Franz\u00f6sisch, Englisch und Italienisch.<\/p>\n<p>Finde Deinen Weg. Finde Dein Gleichgewicht. Mit DAOcare Online.<\/p>\n<p>Einfach, einf\u00fchlsam und von \u00fcberall erreichbar.<\/p>\n<p>Dein Team:<br \/>\nProf. Claude Diolosa, Avicenna Institut Assisi (Italien), <strong><a href=\"http:\/\/www.diolosa.com\">www.diolosa.com<\/a><\/strong><span class=\"Apple-converted-space\"><br \/>\n<\/span>Diana Forster, Naturheilpraktikerin TCM, Studio Menla Bellinzona (Schweiz), <strong><a href=\"http:\/\/www.studiomenla.ch\">www.studiomenla.ch<\/a> <\/strong><span class=\"Apple-converted-space\">\u00a0<\/span><\/p>\n<p>Ablauf einer Online Konsultation mit Diana Forster und Claude Diolosa:<\/p>\n<ol>\n<li>Fragebogen in der gew\u00fcnschten Sprache herunterladen (<strong><u><a href=\"https:\/\/studiomenla.ch\/wp-content\/uploads\/2026\/01\/Fragebogen-DE-V26.docx\">Deutsch<\/a><\/u>, <u><a href=\"https:\/\/studiomenla.ch\/wp-content\/uploads\/2026\/01\/Questionario-IT-V26.docx\">Italienisch<\/a><\/u>, <u><a href=\"https:\/\/studiomenla.ch\/wp-content\/uploads\/2026\/01\/Questionnaire-EN-V26.docx\">Englisch<\/a><\/u><\/strong>), vollst\u00e4ndig elektronisch ausf\u00fcllen und an <strong><a href=\"mailto:info@diolosa.com\">info@diolosa.com<\/a> <\/strong>senden.<\/li>\n<li>Datenschutzformular in der gew\u00fcnschten Sprache herunterladen (<strong><u><a href=\"https:\/\/studiomenla.ch\/wp-content\/uploads\/2025\/06\/Datenschutz_StudioMenla_deutsch.docx\">Deutsch<\/a><\/u>, <u><a href=\"https:\/\/studiomenla.ch\/wp-content\/uploads\/2025\/06\/Datenschutz_StudioMenla_italienisch.docx\">Italienisch<\/a><\/u>, <u><a href=\"https:\/\/studiomenla.ch\/wp-content\/uploads\/2025\/06\/Datenschutz_StudioMenla_englisch.docx\">Englisch<\/a><\/u><\/strong>), vollst\u00e4ndig ausf\u00fcllen und an <strong><a href=\"mailto:info@diolosa.com\">info@diolosa.com<\/a><\/strong> senden.<\/li>\n<li>Die Fotos f\u00fcr die Diagnose senden:<br \/>\nEin Foto vom GesichtZwei Fotos von der Zunge:<br \/>\neines mit rausgestreckter Zunge (von oben)<br \/>\neines mit nach oben gerollter Zunge, sodass man die Unterzungenvenen sieht<\/p>\n<p>Die Bilder sollten bei nat\u00fcrlichem Licht aufgenommen und per WhatsApp an Diana Forster gesendet werden:<\/p>\n<p>\ud83d\udcf1 +41 79 246 16 33<\/li>\n<li>Den Termin vereinbaren. Du erh\u00e4lst vor dem Termin den Zoom-Link f\u00fcrs Meeting zugeschickt.<\/li>\n<li>Dauer und Kosten:<br \/>\nErstberatung: 45\u201360 Minuten, 100\u20ac<br \/>\nFolgetermine (ca. 30 Minuten) mit Gespr\u00e4ch und Anpassung der Rezeptur: 50\u20ac<br \/>\nNach jeder Sitzung erh\u00e4lst Du die Rechnung per E-Mail.<\/li>\n<\/ol>\n<p><strong>For English:<\/strong> Please read carefully the instructions in the following PDF file: <strong><u><a href=\"https:\/\/studiomenla.ch\/wp-content\/uploads\/2026\/01\/Online-Consultations-EN-V26-2.pdf\">Online Consultations<\/a><\/u><\/strong><\/p>\n<\/div><\/section><\/p><\/div><div  class='flex_column av-mxq6v-d4a5781817a3e1511f816b991b2aabb7 av_one_third  avia-builder-el-4  el_after_av_two_third  avia-builder-el-last  flex_column_div  '     ><section  class='av_textblock_section av-hpuav-991bb3602fee3b3271717c380234310c '   itemscope=\"itemscope\" itemtype=\"https:\/\/schema.org\/CreativeWork\" ><div class='avia_textblock'  itemprop=\"text\" ><h2>Events<\/h2>\n<\/div><\/section><br \/>\n<div  class='av-upcoming-events av-ar4u7-15fb00bb0bae2b89da522719366015b7  avia-builder-el-6  el_after_av_textblock  avia-builder-el-last '><a href='https:\/\/studiomenla.ch\/de\/index.php\/event\/medizinbuddha2026\/' class='av-upcoming-event-entry av-upcoming-event-with-image'><img decoding=\"async\" loading=\"lazy\" width=\"180\" height=\"180\" src=\"https:\/\/studiomenla.ch\/wp-content\/uploads\/2025\/06\/AdobeStock_946292518_min-180x180.jpg\" class=\"wp-image-904 avia-img-lazy-loading-904 av-upcoming-event-image wp-post-image\" alt=\"\" srcset=\"https:\/\/studiomenla.ch\/wp-content\/uploads\/2025\/06\/AdobeStock_946292518_min-180x180.jpg 180w, https:\/\/studiomenla.ch\/wp-content\/uploads\/2025\/06\/AdobeStock_946292518_min-80x80.jpg 80w, https:\/\/studiomenla.ch\/wp-content\/uploads\/2025\/06\/AdobeStock_946292518_min-36x36.jpg 36w\" sizes=\"auto, (max-width: 180px) 100vw, 180px\" \/><span class=\"av-upcoming-event-data\"><h4 class='av-upcoming-event-title'>Medizinbuddharetreat &#038; Sandmandala<\/h4><span class=\"av-upcoming-event-meta\"><span class=\"av-upcoming-event-schedule\"><span class=\"tribe-event-date-start\">Mai 14<\/span> - <span class=\"tribe-event-date-end\">Mai 17<\/span><\/span><span class='av-upcoming-event-venue'>Studio Menla<\/span><\/span><\/span><\/a><a href='https:\/\/studiomenla.ch\/de\/index.php\/event\/guru-rinpoche-retreat\/' class='av-upcoming-event-entry av-upcoming-event-with-image'><img decoding=\"async\" loading=\"lazy\" width=\"180\" height=\"180\" src=\"https:\/\/studiomenla.ch\/wp-content\/uploads\/2026\/01\/AdobeStock_168095362-180x180.jpg\" class=\"wp-image-917 avia-img-lazy-loading-917 av-upcoming-event-image wp-post-image\" alt=\"\" srcset=\"https:\/\/studiomenla.ch\/wp-content\/uploads\/2026\/01\/AdobeStock_168095362-180x180.jpg 180w, https:\/\/studiomenla.ch\/wp-content\/uploads\/2026\/01\/AdobeStock_168095362-80x80.jpg 80w, https:\/\/studiomenla.ch\/wp-content\/uploads\/2026\/01\/AdobeStock_168095362-36x36.jpg 36w\" sizes=\"auto, (max-width: 180px) 100vw, 180px\" \/><span class=\"av-upcoming-event-data\"><h4 class='av-upcoming-event-title'>Guru Rinpoche Retreat<\/h4><span class=\"av-upcoming-event-meta\"><span class=\"av-upcoming-event-schedule\"><span class=\"tribe-event-date-start\">Juni 15<\/span> - <span class=\"tribe-event-date-end\">Juni 20<\/span><\/span><span class='av-upcoming-event-venue'>Avicenna Assisi<\/span><\/span><\/span><\/a><a href='https:\/\/studiomenla.ch\/de\/index.php\/event\/christliches-meditationsretreat-auf-kreta\/' class='av-upcoming-event-entry av-upcoming-event-with-image'><img decoding=\"async\" loading=\"lazy\" width=\"180\" height=\"180\" src=\"https:\/\/studiomenla.ch\/wp-content\/uploads\/2026\/01\/IMG_20191016_130857-180x180.jpg\" class=\"wp-image-886 avia-img-lazy-loading-886 av-upcoming-event-image wp-post-image\" alt=\"\" srcset=\"https:\/\/studiomenla.ch\/wp-content\/uploads\/2026\/01\/IMG_20191016_130857-180x180.jpg 180w, https:\/\/studiomenla.ch\/wp-content\/uploads\/2026\/01\/IMG_20191016_130857-80x80.jpg 80w, https:\/\/studiomenla.ch\/wp-content\/uploads\/2026\/01\/IMG_20191016_130857-36x36.jpg 36w\" sizes=\"auto, (max-width: 180px) 100vw, 180px\" \/><span class=\"av-upcoming-event-data\"><h4 class='av-upcoming-event-title'>Christliches Meditationsretreat auf Kreta<\/h4><span class=\"av-upcoming-event-meta\"><span class=\"av-upcoming-event-schedule\"><span class=\"tribe-event-date-start\">Oktober 5<\/span> - <span class=\"tribe-event-date-end\">Oktober 17<\/span><\/span><span class='av-upcoming-event-venue'>Kreta<\/span><\/span><\/span><\/a><\/div><\/p><\/div><\/p>\n","protected":false},"excerpt":{"rendered":"","protected":false},"author":1,"featured_media":0,"parent":0,"menu_order":0,"comment_status":"closed","ping_status":"open","template":"","meta":{"footnotes":""},"class_list":["post-394","page","type-page","status-publish","hentry"],"_links":{"self":[{"href":"https:\/\/studiomenla.ch\/de\/index.php\/wp-json\/wp\/v2\/pages\/394","targetHints":{"allow":["GET"]}}],"collection":[{"href":"https:\/\/studiomenla.ch\/de\/index.php\/wp-json\/wp\/v2\/pages"}],"about":[{"href":"https:\/\/studiomenla.ch\/de\/index.php\/wp-json\/wp\/v2\/types\/page"}],"author":[{"embeddable":true,"href":"https:\/\/studiomenla.ch\/de\/index.php\/wp-json\/wp\/v2\/users\/1"}],"replies":[{"embeddable":true,"href":"https:\/\/studiomenla.ch\/de\/index.php\/wp-json\/wp\/v2\/comments?post=394"}],"version-history":[{"count":19,"href":"https:\/\/studiomenla.ch\/de\/index.php\/wp-json\/wp\/v2\/pages\/394\/revisions"}],"predecessor-version":[{"id":861,"href":"https:\/\/studiomenla.ch\/de\/index.php\/wp-json\/wp\/v2\/pages\/394\/revisions\/861"}],"wp:attachment":[{"href":"https:\/\/studiomenla.ch\/de\/index.php\/wp-json\/wp\/v2\/media?parent=394"}],"curies":[{"name":"wp","href":"https:\/\/api.w.org\/{rel}","templated":true}]}}