{"id":399,"date":"2025-05-19T10:07:22","date_gmt":"2025-05-19T08:07:22","guid":{"rendered":"https:\/\/kopiveno.cyon.site\/index.php\/mia-offerta\/"},"modified":"2026-01-03T00:05:37","modified_gmt":"2026-01-02T23:05:37","slug":"mein-angebot","status":"publish","type":"page","link":"https:\/\/studiomenla.ch\/de\/index.php\/mein-angebot\/","title":{"rendered":"Mein Angebot"},"content":{"rendered":"\n<style type=\"text\/css\" data-created_by=\"avia_inline_auto\" id=\"style-css-av-mbutoh8p-394fc46471ddf049a3a7bc246fc7e656\">\n.avia-section.av-mbutoh8p-394fc46471ddf049a3a7bc246fc7e656{\nbackground-repeat:no-repeat;\nbackground-image:url(https:\/\/studiomenla.ch\/wp-content\/uploads\/2025\/06\/AdobeStock_407510477-scaled.jpeg);\nbackground-position:50% 0%;\nbackground-attachment:fixed;\n}\n<\/style>\n<div id='av_section_1'  class='avia-section av-mbutoh8p-394fc46471ddf049a3a7bc246fc7e656 main_color avia-section-default avia-no-border-styling  avia-builder-el-0  el_before_av_two_third  avia-builder-el-first  avia-full-stretch avia-bg-style-fixed av-minimum-height av-minimum-height-50 av-height-50  container_wrap fullsize'  data-section-bg-repeat='stretch' data-av_minimum_height_pc='50' data-av_min_height_opt='50'><div class='container av-section-cont-open' ><main  role=\"main\" itemprop=\"mainContentOfPage\"  class='template-page content  av-content-full alpha units'><div class='post-entry post-entry-type-page post-entry-399'><div class='entry-content-wrapper clearfix'><\/div><\/div><\/main><!-- close content main element --><\/div><\/div><div id='after_section_1'  class='main_color av_default_container_wrap container_wrap fullsize'  ><div class='container av-section-cont-open' ><div class='template-page content  av-content-full alpha units'><div class='post-entry post-entry-type-page post-entry-399'><div class='entry-content-wrapper clearfix'>\n<div  class='flex_column av-kgq-58ba9c16f4eb885a7e8f27b0606ddeb7 av_two_third  avia-builder-el-1  el_after_av_section  el_before_av_one_third  avia-builder-el-first  first flex_column_div  '     ><p>\n<style type=\"text\/css\" data-created_by=\"avia_inline_auto\" id=\"style-css-av-mauszaco-f4ff3e2cece3d840def6141907ae247f\">\n#top .av-special-heading.av-mauszaco-f4ff3e2cece3d840def6141907ae247f{\npadding-bottom:10px;\n}\nbody .av-special-heading.av-mauszaco-f4ff3e2cece3d840def6141907ae247f .av-special-heading-tag .heading-char{\nfont-size:25px;\n}\n.av-special-heading.av-mauszaco-f4ff3e2cece3d840def6141907ae247f .av-subheading{\nfont-size:15px;\n}\n<\/style>\n<div  class='av-special-heading av-mauszaco-f4ff3e2cece3d840def6141907ae247f av-special-heading-h1 blockquote modern-quote  avia-builder-el-2  el_before_av_textblock  avia-builder-el-first '><h1 class='av-special-heading-tag'  itemprop=\"headline\"  >\ud83e\udde7 Mein Angebot<\/h1><div class=\"special-heading-border\"><div class=\"special-heading-inner-border\"><\/div><\/div><\/div><br \/>\n<section  class='av_textblock_section av-46sy-116cffbd50feea9e27998052508e0657 '   itemscope=\"itemscope\" itemtype=\"https:\/\/schema.org\/CreativeWork\" ><div class='avia_textblock'  itemprop=\"text\" ><p>Im Studio Menla stehen Sie als Mensch im Mittelpunkt. Jede Behandlung basiert auf einer sorgf\u00e4ltigen, pr\u00e4zisen Diagnostik und wird individuell auf Ihre pers\u00f6nlichen Bed\u00fcrfnisse und Ihre energetische Konstitution abgestimmt.<\/p>\n<p>Ich begleite Sie mit folgenden <strong>Methoden der Traditionellen Chinesischen Medizin (TCM):<\/strong><\/p>\n<ul>\n<li><strong>Akupunktur<\/strong> zur Harmonisierung des Energieflusses und zur Unterst\u00fctzung der Selbstheilung<\/li>\n<li><strong>Kr\u00e4utertherapie<\/strong> mit individuell abgestimmten Rezepturen zur St\u00e4rkung Ihrer Lebenskraft und F\u00f6rderung der Genesung<\/li>\n<li><strong>Di\u00e4tetik nach TCM<\/strong>, um Ihre Gesundheit durch bewusste Ern\u00e4hrung nachhaltig zu f\u00f6rdern<\/li>\n<li><strong>Weitere traditionelle Heilmethoden<\/strong> wie Tuina-Massage, Moxa-Therapie, Schr\u00f6pfen und Gua Sha, die K\u00f6rper und Geist wieder in Einklang bringen<\/li>\n<li><strong>BaZi \u2013 Chinesische Astrologie<\/strong>, um Ihre pers\u00f6nliche Grundkonstitution zu verstehen und gezielt in die Behandlung einzubeziehen<\/li>\n<\/ul>\n<p><strong>Mein Angebot ist flexibel:<br \/>\n<\/strong>Sie k\u00f6nnen Termine in der Praxis (Standort in Bellinzona), Hausbesuche (zus\u00e4tzliche Fahrtkosten werden verrechnet, 0.75 CHF\/km (von Contra her gerechnet)) oder <a href=\"https:\/\/studiomenla.ch\/de\/index.php\/consulenze-online\/\"><strong><u>Online-Konsultationen <\/u><\/strong><\/a>(via Zoom) in Anspruch nehmen.<\/p>\n<p><strong>Kosten:<\/strong><br \/>\nSitzung in der Praxis: 130 CHF\/Stunde<br \/>\nOnline-Konsultation: 100 EUR<\/p>\n<p>Meine Leistungen werden von den meisten Zusatzversicherungen in der Schweiz \u00fcbernommen. Bitte kl\u00e4ren Sie direkt mit Ihrer Zusatzversicherung, in welchem Umfang genau die Kosten \u00fcbernommen werden.<\/p>\n<p>Ich freue mich, Sie auf Ihrem Weg zu mehr Gesundheit, innerer Balance und Lebensfreude kompetent und einf\u00fchlsam begleiten zu d\u00fcrfen.<\/p>\n<\/div><\/section><\/p><\/div><div  class='flex_column av-26iws-169c16204603f5acca689048163bb08c av_one_third  avia-builder-el-4  el_after_av_two_third  avia-builder-el-last  flex_column_div  '     ><section  class='av_textblock_section av-1eg9g-75a960f0c29c2bf32906144ead387e2d '   itemscope=\"itemscope\" itemtype=\"https:\/\/schema.org\/CreativeWork\" ><div class='avia_textblock'  itemprop=\"text\" ><h2>Events<\/h2>\n<\/div><\/section><br \/>\n<div  class='av-upcoming-events av-vt9w-d48d1c770ce52d67fd8dfbe632011912  avia-builder-el-6  el_after_av_textblock  avia-builder-el-last '><a href='https:\/\/studiomenla.ch\/de\/index.php\/event\/medizinbuddha2026\/' class='av-upcoming-event-entry av-upcoming-event-with-image'><img decoding=\"async\" loading=\"lazy\" width=\"180\" height=\"180\" src=\"https:\/\/studiomenla.ch\/wp-content\/uploads\/2025\/06\/AdobeStock_946292518_min-180x180.jpg\" class=\"wp-image-904 avia-img-lazy-loading-904 av-upcoming-event-image wp-post-image\" alt=\"\" srcset=\"https:\/\/studiomenla.ch\/wp-content\/uploads\/2025\/06\/AdobeStock_946292518_min-180x180.jpg 180w, https:\/\/studiomenla.ch\/wp-content\/uploads\/2025\/06\/AdobeStock_946292518_min-80x80.jpg 80w, https:\/\/studiomenla.ch\/wp-content\/uploads\/2025\/06\/AdobeStock_946292518_min-36x36.jpg 36w\" sizes=\"auto, (max-width: 180px) 100vw, 180px\" \/><span class=\"av-upcoming-event-data\"><h4 class='av-upcoming-event-title'>Medizinbuddharetreat &#038; Sandmandala<\/h4><span class=\"av-upcoming-event-meta\"><span class=\"av-upcoming-event-schedule\"><span class=\"tribe-event-date-start\">Mai 14<\/span> - <span class=\"tribe-event-date-end\">Mai 17<\/span><\/span><span class='av-upcoming-event-venue'>Studio Menla<\/span><\/span><\/span><\/a><a href='https:\/\/studiomenla.ch\/de\/index.php\/event\/guru-rinpoche-retreat\/' class='av-upcoming-event-entry av-upcoming-event-with-image'><img decoding=\"async\" loading=\"lazy\" width=\"180\" height=\"180\" src=\"https:\/\/studiomenla.ch\/wp-content\/uploads\/2026\/01\/AdobeStock_168095362-180x180.jpg\" class=\"wp-image-917 avia-img-lazy-loading-917 av-upcoming-event-image wp-post-image\" alt=\"\" srcset=\"https:\/\/studiomenla.ch\/wp-content\/uploads\/2026\/01\/AdobeStock_168095362-180x180.jpg 180w, https:\/\/studiomenla.ch\/wp-content\/uploads\/2026\/01\/AdobeStock_168095362-80x80.jpg 80w, https:\/\/studiomenla.ch\/wp-content\/uploads\/2026\/01\/AdobeStock_168095362-36x36.jpg 36w\" sizes=\"auto, (max-width: 180px) 100vw, 180px\" \/><span class=\"av-upcoming-event-data\"><h4 class='av-upcoming-event-title'>Guru Rinpoche Retreat<\/h4><span class=\"av-upcoming-event-meta\"><span class=\"av-upcoming-event-schedule\"><span class=\"tribe-event-date-start\">Juni 15<\/span> - <span class=\"tribe-event-date-end\">Juni 20<\/span><\/span><span class='av-upcoming-event-venue'>Avicenna Assisi<\/span><\/span><\/span><\/a><a href='https:\/\/studiomenla.ch\/de\/index.php\/event\/christliches-meditationsretreat-auf-kreta\/' class='av-upcoming-event-entry av-upcoming-event-with-image'><img decoding=\"async\" loading=\"lazy\" width=\"180\" height=\"180\" src=\"https:\/\/studiomenla.ch\/wp-content\/uploads\/2026\/01\/IMG_20191016_130857-180x180.jpg\" class=\"wp-image-886 avia-img-lazy-loading-886 av-upcoming-event-image wp-post-image\" alt=\"\" srcset=\"https:\/\/studiomenla.ch\/wp-content\/uploads\/2026\/01\/IMG_20191016_130857-180x180.jpg 180w, https:\/\/studiomenla.ch\/wp-content\/uploads\/2026\/01\/IMG_20191016_130857-80x80.jpg 80w, https:\/\/studiomenla.ch\/wp-content\/uploads\/2026\/01\/IMG_20191016_130857-36x36.jpg 36w\" sizes=\"auto, (max-width: 180px) 100vw, 180px\" \/><span class=\"av-upcoming-event-data\"><h4 class='av-upcoming-event-title'>Christliches Meditationsretreat auf Kreta<\/h4><span class=\"av-upcoming-event-meta\"><span class=\"av-upcoming-event-schedule\"><span class=\"tribe-event-date-start\">Oktober 5<\/span> - <span class=\"tribe-event-date-end\">Oktober 17<\/span><\/span><span class='av-upcoming-event-venue'>Kreta<\/span><\/span><\/span><\/a><\/div><\/p><\/div><\/p>\n","protected":false},"excerpt":{"rendered":"","protected":false},"author":1,"featured_media":0,"parent":0,"menu_order":0,"comment_status":"closed","ping_status":"open","template":"","meta":{"footnotes":""},"class_list":["post-399","page","type-page","status-publish","hentry"],"_links":{"self":[{"href":"https:\/\/studiomenla.ch\/de\/index.php\/wp-json\/wp\/v2\/pages\/399","targetHints":{"allow":["GET"]}}],"collection":[{"href":"https:\/\/studiomenla.ch\/de\/index.php\/wp-json\/wp\/v2\/pages"}],"about":[{"href":"https:\/\/studiomenla.ch\/de\/index.php\/wp-json\/wp\/v2\/types\/page"}],"author":[{"embeddable":true,"href":"https:\/\/studiomenla.ch\/de\/index.php\/wp-json\/wp\/v2\/users\/1"}],"replies":[{"embeddable":true,"href":"https:\/\/studiomenla.ch\/de\/index.php\/wp-json\/wp\/v2\/comments?post=399"}],"version-history":[{"count":13,"href":"https:\/\/studiomenla.ch\/de\/index.php\/wp-json\/wp\/v2\/pages\/399\/revisions"}],"predecessor-version":[{"id":852,"href":"https:\/\/studiomenla.ch\/de\/index.php\/wp-json\/wp\/v2\/pages\/399\/revisions\/852"}],"wp:attachment":[{"href":"https:\/\/studiomenla.ch\/de\/index.php\/wp-json\/wp\/v2\/media?parent=399"}],"curies":[{"name":"wp","href":"https:\/\/api.w.org\/{rel}","templated":true}]}}