{"id":407,"date":"2024-08-21T10:08:18","date_gmt":"2024-08-21T08:08:18","guid":{"rendered":"https:\/\/kopiveno.cyon.site\/index.php\/home-2\/"},"modified":"2025-06-17T21:33:36","modified_gmt":"2025-06-17T19:33:36","slug":"home-2","status":"publish","type":"page","link":"https:\/\/studiomenla.ch\/de\/","title":{"rendered":"Home"},"content":{"rendered":"<div id='layer_slider_1'  class='avia-layerslider main_color avia-shadow  avia-builder-el-0  el_before_av_layerslider  avia-builder-el-first  container_wrap fullsize'  style='height: 501px; max-width: 1280px; margin: 0 auto;'  ><\/div>\n<div id='layer_slider_2'  class='avia-layerslider main_color avia-shadow  avia-builder-el-1  el_after_av_layerslider  el_before_av_two_third  slider-not-first container_wrap fullsize'  style='height: 601px; max-width: 750px; margin: 0 auto;'  ><\/div><div id='after_layer_slider_2'  class='main_color av_default_container_wrap container_wrap fullsize'  ><div class='container av-section-cont-open' ><div class='template-page content  av-content-full alpha units'><div class='post-entry post-entry-type-page post-entry-407'><div class='entry-content-wrapper clearfix'>\n<div  class='flex_column av-kgq-58ba9c16f4eb885a7e8f27b0606ddeb7 av_two_third  avia-builder-el-2  el_after_av_layerslider  el_before_av_one_third  avia-builder-el-first  first flex_column_div  '     ><section  class='av_textblock_section av-46sy-116cffbd50feea9e27998052508e0657 '   itemscope=\"itemscope\" itemtype=\"https:\/\/schema.org\/CreativeWork\" ><div class='avia_textblock'  itemprop=\"text\" ><h1>\ud83c\udf00 Studio Menla \u2013 Ihr Zentrum f\u00fcr Traditionelle Chinesische Medizin (TCM)<\/h1>\n<p>Willkommen im Studio Menla, einem Ort, an dem sich Ruhe, Achtsamkeit und jahrtausendealtes Wissen vereinen, um ein Zentrum der ganzheitlichen Heilung zu schaffen. Mit den Methoden der Traditionellen Chinesischen Medizin (TCM) begleite ich Sie auf Ihrem Weg zu mehr Wohlbefinden, innerer Balance und Gesundheit. Ob Akupunktur, Kr\u00e4utertherapie, Di\u00e4tetik oder weitere TCM-Verfahren (Tuina, Moxa, Schr\u00f6pfen) \u2013 ich nehme mir Zeit f\u00fcr Sie und Ihre individuellen Bed\u00fcrfnisse.<\/p>\n<p class=\"p1\">Erleben Sie, wie kraftvoll die Verbindung von K\u00f6rper, Geist und Natur sein kann. Ich freue mich darauf, Sie im Studio Menla willkommen zu hei\u00dfen.<\/p>\n<\/div><\/section><\/div><div  class='flex_column av-2kak-f24f6585c9fafbd350217cee248b12ee av_one_third  avia-builder-el-4  el_after_av_two_third  el_before_av_one_third  flex_column_div  '     ><section  class='av_textblock_section av-mausostq-1c8e2c659566903b8dc0f0c09f3b42be '   itemscope=\"itemscope\" itemtype=\"https:\/\/schema.org\/CreativeWork\" ><div class='av-small-hide av-mini-hide avia_textblock'  itemprop=\"text\" ><h2>Events<\/h2>\n<\/div><\/section><br \/>\n<div  class='av-upcoming-events av-mbhwtw0v-26b6b56c612648bce174918d6772a5e1  avia-builder-el-6  el_after_av_textblock  avia-builder-el-last  av-small-hide av-mini-hide'><a href='https:\/\/studiomenla.ch\/de\/index.php\/event\/medizinbuddha2026\/' class='av-upcoming-event-entry av-upcoming-event-with-image'><img decoding=\"async\" loading=\"lazy\" width=\"180\" height=\"180\" src=\"https:\/\/studiomenla.ch\/wp-content\/uploads\/2025\/06\/AdobeStock_946292518_min-180x180.jpg\" class=\"wp-image-904 avia-img-lazy-loading-904 av-upcoming-event-image wp-post-image\" alt=\"\" srcset=\"https:\/\/studiomenla.ch\/wp-content\/uploads\/2025\/06\/AdobeStock_946292518_min-180x180.jpg 180w, https:\/\/studiomenla.ch\/wp-content\/uploads\/2025\/06\/AdobeStock_946292518_min-80x80.jpg 80w, https:\/\/studiomenla.ch\/wp-content\/uploads\/2025\/06\/AdobeStock_946292518_min-36x36.jpg 36w\" sizes=\"auto, (max-width: 180px) 100vw, 180px\" \/><span class=\"av-upcoming-event-data\"><h4 class='av-upcoming-event-title'>Medizinbuddharetreat &#038; Sandmandala<\/h4><span class=\"av-upcoming-event-meta\"><span class=\"av-upcoming-event-schedule\"><span class=\"tribe-event-date-start\">Mai 14<\/span> - <span class=\"tribe-event-date-end\">Mai 17<\/span><\/span><span class='av-upcoming-event-venue'>Studio Menla<\/span><\/span><\/span><\/a><a href='https:\/\/studiomenla.ch\/de\/index.php\/event\/guru-rinpoche-retreat\/' class='av-upcoming-event-entry av-upcoming-event-with-image'><img decoding=\"async\" loading=\"lazy\" width=\"180\" height=\"180\" src=\"https:\/\/studiomenla.ch\/wp-content\/uploads\/2026\/01\/AdobeStock_168095362-180x180.jpg\" class=\"wp-image-917 avia-img-lazy-loading-917 av-upcoming-event-image wp-post-image\" alt=\"\" srcset=\"https:\/\/studiomenla.ch\/wp-content\/uploads\/2026\/01\/AdobeStock_168095362-180x180.jpg 180w, https:\/\/studiomenla.ch\/wp-content\/uploads\/2026\/01\/AdobeStock_168095362-80x80.jpg 80w, https:\/\/studiomenla.ch\/wp-content\/uploads\/2026\/01\/AdobeStock_168095362-36x36.jpg 36w\" sizes=\"auto, (max-width: 180px) 100vw, 180px\" \/><span class=\"av-upcoming-event-data\"><h4 class='av-upcoming-event-title'>Guru Rinpoche Retreat<\/h4><span class=\"av-upcoming-event-meta\"><span class=\"av-upcoming-event-schedule\"><span class=\"tribe-event-date-start\">Juni 15<\/span> - <span class=\"tribe-event-date-end\">Juni 20<\/span><\/span><span class='av-upcoming-event-venue'>Avicenna Assisi<\/span><\/span><\/span><\/a><a href='https:\/\/studiomenla.ch\/de\/index.php\/event\/christliches-meditationsretreat-auf-kreta\/' class='av-upcoming-event-entry av-upcoming-event-with-image'><img decoding=\"async\" loading=\"lazy\" width=\"180\" height=\"180\" src=\"https:\/\/studiomenla.ch\/wp-content\/uploads\/2026\/01\/IMG_20191016_130857-180x180.jpg\" class=\"wp-image-886 avia-img-lazy-loading-886 av-upcoming-event-image wp-post-image\" alt=\"\" srcset=\"https:\/\/studiomenla.ch\/wp-content\/uploads\/2026\/01\/IMG_20191016_130857-180x180.jpg 180w, https:\/\/studiomenla.ch\/wp-content\/uploads\/2026\/01\/IMG_20191016_130857-80x80.jpg 80w, https:\/\/studiomenla.ch\/wp-content\/uploads\/2026\/01\/IMG_20191016_130857-36x36.jpg 36w\" sizes=\"auto, (max-width: 180px) 100vw, 180px\" \/><span class=\"av-upcoming-event-data\"><h4 class='av-upcoming-event-title'>Christliches Meditationsretreat auf Kreta<\/h4><span class=\"av-upcoming-event-meta\"><span class=\"av-upcoming-event-schedule\"><span class=\"tribe-event-date-start\">Oktober 5<\/span> - <span class=\"tribe-event-date-end\">Oktober 17<\/span><\/span><span class='av-upcoming-event-venue'>Kreta<\/span><\/span><\/span><\/a><\/div><\/p><\/div><\/p>\n<div  class='flex_column av-48fu-d02d7d5919ad7029ae4eb0e415e1612e av_one_third  avia-builder-el-7  el_after_av_one_third  el_before_av_one_third  first flex_column_div  column-top-margin'     ><div  class='avia-button-wrap av-mauspn3k-71afff810ccd0d887eafccdfc7d92dbb-wrap avia-button-center  avia-builder-el-8  avia-builder-el-no-sibling '>\n<style type=\"text\/css\" data-created_by=\"avia_inline_auto\" id=\"style-css-av-mauspn3k-71afff810ccd0d887eafccdfc7d92dbb\">\n#top #wrap_all .avia-button.av-mauspn3k-71afff810ccd0d887eafccdfc7d92dbb{\nfont-size:22px;\ncolor:#545454;\ntransition:all 0.4s ease-in-out;\n}\n#top #wrap_all .avia-button.av-mauspn3k-71afff810ccd0d887eafccdfc7d92dbb:hover{\ncolor:white;\ntransition:all 0.4s ease-in-out;\n}\n<\/style>\n<a href='https:\/\/studiomenla.ch\/index.php\/mia-offerta\/'  class='avia-button av-mauspn3k-71afff810ccd0d887eafccdfc7d92dbb av-link-btn avia-icon_select-yes-left-icon avia-size-x-large avia-position-center avia-color-theme-color'  ><span class='avia_button_icon avia_button_icon_left' aria-hidden='true' data-av_icon='\ue889' data-av_iconfont='entypo-fontello'><\/span><span class='avia_iconbox_title' >Entdecken Sie hier mein Angebot<\/span><span class='avia_button_background avia-button avia-color-theme-color-highlight' ><\/span><\/a><\/div><\/div>\n<div  class='flex_column av-2wu8-4bd720fb2a2181961946d7e108810de6 av_one_third  avia-builder-el-9  el_after_av_one_third  el_before_av_two_third  flex_column_div  column-top-margin'     ><div  class='avia-button-wrap av-mausrvtf-1e8d85e129c4274cb0de622ed61cdcad-wrap avia-button-center  avia-builder-el-10  avia-builder-el-no-sibling '>\n<style type=\"text\/css\" data-created_by=\"avia_inline_auto\" id=\"style-css-av-mausrvtf-1e8d85e129c4274cb0de622ed61cdcad\">\n#top #wrap_all .avia-button.av-mausrvtf-1e8d85e129c4274cb0de622ed61cdcad{\nfont-size:22px;\ncolor:#545454;\ntransition:all 0.4s ease-in-out;\n}\n#top #wrap_all .avia-button.av-mausrvtf-1e8d85e129c4274cb0de622ed61cdcad:hover{\ncolor:white;\ntransition:all 0.4s ease-in-out;\n}\n<\/style>\n<a href='https:\/\/studiomenla.ch\/index.php\/home-2-2-2-2\/'  class='avia-button av-mausrvtf-1e8d85e129c4274cb0de622ed61cdcad av-link-btn avia-icon_select-yes-left-icon avia-size-x-large avia-position-center avia-color-theme-color'  ><span class='avia_button_icon avia_button_icon_left' aria-hidden='true' data-av_icon='\ue889' data-av_iconfont='entypo-fontello'><\/span><span class='avia_iconbox_title' >Melden Sie sich f\u00fcr einen Termin direkt bei mir<\/span><span class='avia_button_background avia-button avia-color-theme-color-highlight' ><\/span><\/a><\/div><\/div>\n<div  class='flex_column av-5oc6-f77c4d19a5b997754f45395527dca76a av_two_third  avia-builder-el-11  el_after_av_one_third  el_before_av_one_third  first flex_column_div  column-top-margin'     ><p><section  class='av_textblock_section av-mauv1wox-9bae8b18715bb22fe21de74865612842 '   itemscope=\"itemscope\" itemtype=\"https:\/\/schema.org\/CreativeWork\" ><div class='avia_textblock'  itemprop=\"text\" ><p>\ud83c\udf3f <strong>Sangye Menla \u2013 Der Medizin-Buddha<\/strong><\/p>\n<p class=\"p1\">Sangye Menla, auch bekannt als der Medizin-Buddha, verk\u00f6rpert im Buddhismus Heilung, Mitgef\u00fchl und die \u00dcberwindung von Leid. In lapislazuliblau dargestellt, steht er f\u00fcr die heilende Kraft des Geistes. Seine Praxis wird seit Jahrtausenden genutzt, um Heilungsprozesse zu unterst\u00fctzen \u2013 auf physischer, emotionaler und spiritueller Ebene.<\/p>\n<p class=\"p1\">Im Studio Menla ist Sangye Menla eine Quelle der Inspiration: F\u00fcr Achtsamkeit, f\u00fcr Gewahrsein, f\u00fcr ganzheitliche Gesundheit, f\u00fcr einen liebevollen Umgang mit uns selbst und mit anderen, f\u00fcr das Erbl\u00fchen unserer wahren Natur und das Erwachen zu dem, was wir wirklich sind.<\/p>\n<p>\ud83c\udf38 Interesse an einer Meditationsveranstaltung teilzunehmen?<\/p>\n<\/div><\/section><br \/>\n<div  class='avia-button-wrap av-mauv33eg-916da2410c72b624841cb5684b125271-wrap avia-button-left  avia-builder-el-13  el_after_av_textblock  avia-builder-el-last '>\n<style type=\"text\/css\" data-created_by=\"avia_inline_auto\" id=\"style-css-av-mauv33eg-916da2410c72b624841cb5684b125271\">\n#top #wrap_all .avia-button.av-mauv33eg-916da2410c72b624841cb5684b125271{\nfont-size:22px;\ncolor:#545454;\ntransition:all 0.4s ease-in-out;\n}\n#top #wrap_all .avia-button.av-mauv33eg-916da2410c72b624841cb5684b125271:hover{\ncolor:white;\ntransition:all 0.4s ease-in-out;\n}\n<\/style>\n<a href='https:\/\/studiomenla.ch\/index.php\/eventi_list\/'  class='avia-button av-mauv33eg-916da2410c72b624841cb5684b125271 av-link-btn avia-icon_select-yes-left-icon avia-size-x-large avia-position-left avia-color-theme-color'  ><span class='avia_button_icon avia_button_icon_left' aria-hidden='true' data-av_icon='\ue889' data-av_iconfont='entypo-fontello'><\/span><span class='avia_iconbox_title' >Hier geht es zur \u00dcbersicht <\/span><span class='avia_button_background avia-button avia-color-theme-color-highlight' ><\/span><\/a><\/div><\/p><\/div><div  class='flex_column av-3n8s-7b602505228c2ff1d753473a7ca4add8 av_one_third  avia-builder-el-14  el_after_av_two_third  avia-builder-el-last  flex_column_div  column-top-margin'     ><style type=\"text\/css\" data-created_by=\"avia_inline_auto\" id=\"style-css-av-mauv29oe-89f907bf37981698eba7f37fe9f7a68f\">\n.avia-image-container.av-mauv29oe-89f907bf37981698eba7f37fe9f7a68f img.avia_image{\nbox-shadow:none;\n}\n.avia-image-container.av-mauv29oe-89f907bf37981698eba7f37fe9f7a68f .av-image-caption-overlay-center{\ncolor:#ffffff;\n}\n<\/style>\n<div  class='avia-image-container av-mauv29oe-89f907bf37981698eba7f37fe9f7a68f av-styling- avia-align-center  avia-builder-el-15  avia-builder-el-no-sibling '   itemprop=\"image\" itemscope=\"itemscope\" itemtype=\"https:\/\/schema.org\/ImageObject\" ><div class=\"avia-image-container-inner\"><div class=\"avia-image-overlay-wrap\"><img decoding=\"async\" fetchpriority=\"high\" class='wp-image-106 avia-img-lazy-loading-not-106 avia_image ' src=\"https:\/\/studiomenla.ch\/wp-content\/uploads\/2025\/05\/Menla-Bild-HQ-scaled.jpg\" alt='' title='Menla Bild HQ'  height=\"2560\" width=\"1869\"  itemprop=\"thumbnailUrl\" srcset=\"https:\/\/studiomenla.ch\/wp-content\/uploads\/2025\/05\/Menla-Bild-HQ-scaled.jpg 1869w, https:\/\/studiomenla.ch\/wp-content\/uploads\/2025\/05\/Menla-Bild-HQ-219x300.jpg 219w, https:\/\/studiomenla.ch\/wp-content\/uploads\/2025\/05\/Menla-Bild-HQ-752x1030.jpg 752w, https:\/\/studiomenla.ch\/wp-content\/uploads\/2025\/05\/Menla-Bild-HQ-768x1052.jpg 768w, https:\/\/studiomenla.ch\/wp-content\/uploads\/2025\/05\/Menla-Bild-HQ-1122x1536.jpg 1122w, https:\/\/studiomenla.ch\/wp-content\/uploads\/2025\/05\/Menla-Bild-HQ-1496x2048.jpg 1496w, https:\/\/studiomenla.ch\/wp-content\/uploads\/2025\/05\/Menla-Bild-HQ-1095x1500.jpg 1095w, https:\/\/studiomenla.ch\/wp-content\/uploads\/2025\/05\/Menla-Bild-HQ-515x705.jpg 515w\" sizes=\"(max-width: 1869px) 100vw, 1869px\" \/><\/div><\/div><\/div><\/div><\/p>\n","protected":false},"excerpt":{"rendered":"","protected":false},"author":1,"featured_media":0,"parent":0,"menu_order":0,"comment_status":"closed","ping_status":"open","template":"","meta":{"footnotes":""},"class_list":["post-407","page","type-page","status-publish","hentry"],"_links":{"self":[{"href":"https:\/\/studiomenla.ch\/de\/index.php\/wp-json\/wp\/v2\/pages\/407","targetHints":{"allow":["GET"]}}],"collection":[{"href":"https:\/\/studiomenla.ch\/de\/index.php\/wp-json\/wp\/v2\/pages"}],"about":[{"href":"https:\/\/studiomenla.ch\/de\/index.php\/wp-json\/wp\/v2\/types\/page"}],"author":[{"embeddable":true,"href":"https:\/\/studiomenla.ch\/de\/index.php\/wp-json\/wp\/v2\/users\/1"}],"replies":[{"embeddable":true,"href":"https:\/\/studiomenla.ch\/de\/index.php\/wp-json\/wp\/v2\/comments?post=407"}],"version-history":[{"count":8,"href":"https:\/\/studiomenla.ch\/de\/index.php\/wp-json\/wp\/v2\/pages\/407\/revisions"}],"predecessor-version":[{"id":693,"href":"https:\/\/studiomenla.ch\/de\/index.php\/wp-json\/wp\/v2\/pages\/407\/revisions\/693"}],"wp:attachment":[{"href":"https:\/\/studiomenla.ch\/de\/index.php\/wp-json\/wp\/v2\/media?parent=407"}],"curies":[{"name":"wp","href":"https:\/\/api.w.org\/{rel}","templated":true}]}}