{"id":412,"date":"2025-05-19T10:18:07","date_gmt":"2025-05-19T08:18:07","guid":{"rendered":"https:\/\/kopiveno.cyon.site\/index.php\/su-di-me\/"},"modified":"2026-02-25T15:29:53","modified_gmt":"2026-02-25T14:29:53","slug":"ueber-mich","status":"publish","type":"page","link":"https:\/\/studiomenla.ch\/de\/index.php\/ueber-mich\/","title":{"rendered":"\u00dcber mich"},"content":{"rendered":"\n<style type=\"text\/css\" data-created_by=\"avia_inline_auto\" id=\"style-css-av-mbuu6vgb-a97168f744d6e9d361a4923f28b66806\">\n.avia-section.av-mbuu6vgb-a97168f744d6e9d361a4923f28b66806{\nbackground-repeat:no-repeat;\nbackground-image:url(https:\/\/studiomenla.ch\/wp-content\/uploads\/2025\/06\/AdobeStock_208023141-scaled.jpeg);\nbackground-position:50% 0%;\nbackground-attachment:fixed;\n}\n<\/style>\n<div id='av_section_1'  class='avia-section av-mbuu6vgb-a97168f744d6e9d361a4923f28b66806 main_color avia-section-default avia-no-border-styling  avia-builder-el-0  el_before_av_two_third  avia-builder-el-first  avia-full-stretch avia-bg-style-fixed av-minimum-height av-minimum-height-50 av-height-50  container_wrap fullsize'  data-section-bg-repeat='stretch' data-av_minimum_height_pc='50' data-av_min_height_opt='50'><div class='container av-section-cont-open' ><main  role=\"main\" itemprop=\"mainContentOfPage\"  class='template-page content  av-content-full alpha units'><div class='post-entry post-entry-type-page post-entry-412'><div class='entry-content-wrapper clearfix'><\/div><\/div><\/main><!-- close content main element --><\/div><\/div><div id='after_section_1'  class='main_color av_default_container_wrap container_wrap fullsize'  ><div class='container av-section-cont-open' ><div class='template-page content  av-content-full alpha units'><div class='post-entry post-entry-type-page post-entry-412'><div class='entry-content-wrapper clearfix'>\n<div  class='flex_column av-kgq-58ba9c16f4eb885a7e8f27b0606ddeb7 av_two_third  avia-builder-el-1  el_after_av_section  el_before_av_one_third  avia-builder-el-first  first flex_column_div  '     ><p>\n<style type=\"text\/css\" data-created_by=\"avia_inline_auto\" id=\"style-css-av-mauszaco-ab4e434cb123f60c684122acab636ff9\">\n#top .av-special-heading.av-mauszaco-ab4e434cb123f60c684122acab636ff9{\npadding-bottom:10px;\n}\nbody .av-special-heading.av-mauszaco-ab4e434cb123f60c684122acab636ff9 .av-special-heading-tag .heading-char{\nfont-size:25px;\n}\n.av-special-heading.av-mauszaco-ab4e434cb123f60c684122acab636ff9 .av-subheading{\nfont-size:15px;\n}\n<\/style>\n<div  class='av-special-heading av-mauszaco-ab4e434cb123f60c684122acab636ff9 av-special-heading-h1 blockquote modern-quote  avia-builder-el-2  el_before_av_textblock  avia-builder-el-first '><h1 class='av-special-heading-tag'  itemprop=\"headline\"  >\ud83c\udf3c \u00dcber mich &#8211; Heilung als Berufung<\/h1><div class=\"special-heading-border\"><div class=\"special-heading-inner-border\"><\/div><\/div><\/div><br \/>\n<section  class='av_textblock_section av-46sy-116cffbd50feea9e27998052508e0657 '   itemscope=\"itemscope\" itemtype=\"https:\/\/schema.org\/CreativeWork\" ><div class='avia_textblock'  itemprop=\"text\" ><p>Heilung ist f\u00fcr mich keine blo\u00dfe T\u00e4tigkeit \u2013 sie ist meine Berufung. Mein Weg ist tief verwurzelt in der Mystik, die mich seit jeher fasziniert. Mich inspirieren die Weisheitslehren aus dem Buddhismus, Sufismus und Christentum \u2013 sie begleiten mich durch mein Leben und erweitern stetig mein inneres Erleben und Erkennen.<\/p>\n<p>In der t\u00e4glichen Meditation finde ich Ruhe und Klarheit, und in der Natur tanke ich neue Kraft und entspanne mich. Spazierg\u00e4nge in W\u00e4ldern, Bergen oder am Wasser sind f\u00fcr mich eine wertvolle M\u00f6glichkeit, mich mit den Elementen zu verbinden und meine Energie aufzuladen. Neben der spirituellen Praxis finde ich auch Freude an den kleinen Dingen des Lebens: Ich schaue leidenschaftlich gerne Fu\u00dfball und Eishockey, genie\u00dfe die stille Gesellschaft und Pr\u00e4senz meines Katers Shiva und entdecke mit Neugier und Begeisterung die chinesische Sprache. Ich lese sehr gerne und die innigen Stunden mit einem Buch bringen mir Entspannung, ebenso wie das Schreiben von Gedichten und Kurzgeschichten, die mir Raum f\u00fcr Kreativit\u00e4t und Selbstreflexion bieten.<\/p>\n<p>Die Traditionelle Chinesische Medizin ist eine lebendige Reise und f\u00fcr mich ein nie endender Quell der Inspiration. Jeden Tag entdecke ich etwas Neues \u2013 sei es in der Theorie, in der Praxis oder im stillen Studium. Es ist ein Weg des st\u00e4ndigen Lernens, des Staunens, des Vertiefens. Ich greife leidenschaftlich gerne immer wieder zu Fachb\u00fcchern, lese sie erneut, betrachte sie aus neuen Blickwinkeln, um noch tiefer in diese faszinierende Wissenschaft einzutauchen und ihre Weisheiten zu verstehen.<\/p>\n<p>In meiner Arbeit als Therapeutin verbinde ich dieses Wissen mit meinem inneren Anliegen, Heilung mit Herz und Pr\u00e4senz zu begleiten. Dabei leiten mich die Vier Unermesslichen Qualit\u00e4ten \u2013 Gleichmut, Liebe, Mitgef\u00fchl und Gl\u00fcckseligkeit. Sie sind wie ein inneres Licht, das meine Arbeit n\u00e4hrt und durch das ich meinen Beruf als lebendigen Ausdruck spiritueller Praxis erfahren darf.<\/p>\n<\/div><\/section><br \/>\n<section  class='av_textblock_section av-mbuuc4c6-a23a936c7bd23b52a6df1c465659806f '   itemscope=\"itemscope\" itemtype=\"https:\/\/schema.org\/CreativeWork\" ><div class='avia_textblock'  itemprop=\"text\" ><p>\ud83d\udcda <strong>Ausbildungen im therapeutischen Bereich:<\/strong><\/p>\n<p>Seit Oktober 2025: auf dem Weg zum Abschluss als Naturheilpraktikerin mit eidg. Diplom in TCM mit Schwerpunkten Akupunktur\/Tuina\/Chinesische Arzneimittel<\/p>\n<p>2025: Naturheilpraktikerin TCM (Akupunktur \/ Tuina \/ Chinesische Arzneimittel) mit OdA AM Zertifikat<\/p>\n<p>2019 &#8211; 2025: diverse Fortbildungen beim Avicenna Institut Assisi, Claude Diolosa, zu folgenden Themen:<\/p>\n<ul>\n<li>TCM Mindmapping<\/li>\n<li>Astrologie (BaZi) &amp; Yi Jing<\/li>\n<li>Himmelsst\u00e4mme &amp; Erdezweige<\/li>\n<li>WBL (Wen Bing Lun)<\/li>\n<li>SHL (Shang Han Lun)<\/li>\n<li>San Bao Bian Zheng (Differentialdiagnostik)<\/li>\n<li>Autoimmunerkrankungen, neurologische und psychosomatische Erkrankungen<\/li>\n<li>Di\u00e4tetik, P\u00e4diatrie, Gesichtsdiagnostik<\/li>\n<li>Sterbebegleitung<\/li>\n<li>Acht Wundergef\u00e4sse (Qi Jing Ba Mai)<\/li>\n<li>Westliche Kr\u00e4uter nach TCM<\/li>\n<\/ul>\n<p>2019: dipl. Akupunkteurin und dipl. Herbalistin, Avicenna Institut, Claude Diolosa<\/p>\n<p>2018: TCM-Praktikum, Chengdu University of Traditional Chinese Medicine, China<\/p>\n<p>2015: dipl. Tuina-Therapeutin, Biomedica Z\u00fcrich<\/p>\n<p>2011: dipl. Fussreflexzonentherapeutin und dipl. Berufsmasseurin, Bodyfeet<\/p>\n<\/div><\/section><br \/>\n<section  class='av_textblock_section av-mbuud9rd-741ea0557a0172feb68151d72edf0d5f '   itemscope=\"itemscope\" itemtype=\"https:\/\/schema.org\/CreativeWork\" ><div class='avia_textblock'  itemprop=\"text\" ><p>\ud83c\udf31 <strong>Aktuelle T\u00e4tigkeit:<\/strong><\/p>\n<p>Zusammenarbeit mit dem Avicenna Institut Assisi, Claude Diolosa<\/p>\n<ul>\n<li>Schulsekretariat online<\/li>\n<li>Patientenberatung und -betreuung online<\/li>\n<\/ul>\n<\/div><\/section><br \/>\n<section  class='av_textblock_section av-mbuudzjw-2e1c0fcd45e47aa964107572845766fe '   itemscope=\"itemscope\" itemtype=\"https:\/\/schema.org\/CreativeWork\" ><div class='avia_textblock'  itemprop=\"text\" ><p>\ud83d\udcdc <strong>Fr\u00fchere T\u00e4tigkeiten:<\/strong><\/p>\n<ul>\n<li>In Zusammenarbeit mit Claude Diolosa Leitung des Avicenna Institutes (TCM) in Assisi, Italien<\/li>\n<li>Masseurin und Empfangsmitarbeiterin in diversen Thermalb\u00e4dern, Hammams und Spas in der Schweiz<\/li>\n<li>Wissenschaftliche Mitarbeiterin an der MeteoSchweiz und der Universit\u00e4t Genf, erster Beruf dipl. Geographin mit Schwerpunkt Klimatologie<\/li>\n<li>Fussballtrainerin im Breiten- und Spitzenfussball (Frauen und Juniorinnen)<\/li>\n<\/ul>\n<\/div><\/section><\/p><\/div><div  class='flex_column av-2cv8e-f2fa9c8bfda387115f81ec8d8ac22e17 av_one_third  avia-builder-el-7  el_after_av_two_third  el_before_av_two_third  flex_column_div  '     ><style type=\"text\/css\" data-created_by=\"avia_inline_auto\" id=\"style-css-av-mbzh6zf1-08dc4cd7324474ae85d88fa394f791ae\">\n.avia-image-container.av-mbzh6zf1-08dc4cd7324474ae85d88fa394f791ae img.avia_image{\nbox-shadow:none;\n}\n.avia-image-container.av-mbzh6zf1-08dc4cd7324474ae85d88fa394f791ae .av-image-caption-overlay-center{\ncolor:#ffffff;\n}\n<\/style>\n<div  class='avia-image-container av-mbzh6zf1-08dc4cd7324474ae85d88fa394f791ae av-styling- avia-align-center  avia-builder-el-8  avia-builder-el-no-sibling '   itemprop=\"image\" itemscope=\"itemscope\" itemtype=\"https:\/\/schema.org\/ImageObject\" ><div class=\"avia-image-container-inner\"><div class=\"avia-image-overlay-wrap\"><img decoding=\"async\" fetchpriority=\"high\" class='wp-image-833 avia-img-lazy-loading-not-833 avia_image ' src=\"https:\/\/studiomenla.ch\/wp-content\/uploads\/2026\/01\/PHOTO-2025-12-26-11-12-26-606x1030.jpg\" alt='' title='PHOTO-2025-12-26-11-12-26'  height=\"1030\" width=\"606\"  itemprop=\"thumbnailUrl\" srcset=\"https:\/\/studiomenla.ch\/wp-content\/uploads\/2026\/01\/PHOTO-2025-12-26-11-12-26-606x1030.jpg 606w, https:\/\/studiomenla.ch\/wp-content\/uploads\/2026\/01\/PHOTO-2025-12-26-11-12-26-177x300.jpg 177w, https:\/\/studiomenla.ch\/wp-content\/uploads\/2026\/01\/PHOTO-2025-12-26-11-12-26-768x1305.jpg 768w, https:\/\/studiomenla.ch\/wp-content\/uploads\/2026\/01\/PHOTO-2025-12-26-11-12-26-904x1536.jpg 904w, https:\/\/studiomenla.ch\/wp-content\/uploads\/2026\/01\/PHOTO-2025-12-26-11-12-26-883x1500.jpg 883w, https:\/\/studiomenla.ch\/wp-content\/uploads\/2026\/01\/PHOTO-2025-12-26-11-12-26-415x705.jpg 415w, https:\/\/studiomenla.ch\/wp-content\/uploads\/2026\/01\/PHOTO-2025-12-26-11-12-26.jpg 1205w\" sizes=\"(max-width: 606px) 100vw, 606px\" \/><\/div><\/div><\/div><\/div><\/p>\n<div  class='flex_column av-ylie-d66ba158941e2bee4e2806e2837bb75b av_two_third  avia-builder-el-9  el_after_av_one_third  avia-builder-el-last  first flex_column_div  column-top-margin'     ><section  class='av_textblock_section av-mbuwttua-b5bbc23c09a40aa26a8d8b622408bae3 '   itemscope=\"itemscope\" itemtype=\"https:\/\/schema.org\/CreativeWork\" ><div class='av-desktop-hide av-medium-hide avia_textblock'  itemprop=\"text\" ><h2>Events<\/h2>\n<\/div><\/section><br \/>\n<div  class='av-upcoming-events av-mbuwtyak-dfb34beb229882f396737980c1ce0865  avia-builder-el-11  el_after_av_textblock  avia-builder-el-last  av-desktop-hide av-medium-hide'><a href='https:\/\/studiomenla.ch\/de\/index.php\/event\/medizinbuddha2026\/' class='av-upcoming-event-entry av-upcoming-event-with-image'><img decoding=\"async\" loading=\"lazy\" width=\"180\" height=\"180\" src=\"https:\/\/studiomenla.ch\/wp-content\/uploads\/2025\/06\/AdobeStock_946292518_min-180x180.jpg\" class=\"wp-image-904 avia-img-lazy-loading-904 av-upcoming-event-image wp-post-image\" alt=\"\" srcset=\"https:\/\/studiomenla.ch\/wp-content\/uploads\/2025\/06\/AdobeStock_946292518_min-180x180.jpg 180w, https:\/\/studiomenla.ch\/wp-content\/uploads\/2025\/06\/AdobeStock_946292518_min-80x80.jpg 80w, https:\/\/studiomenla.ch\/wp-content\/uploads\/2025\/06\/AdobeStock_946292518_min-36x36.jpg 36w\" sizes=\"auto, (max-width: 180px) 100vw, 180px\" \/><span class=\"av-upcoming-event-data\"><h4 class='av-upcoming-event-title'>Medizinbuddharetreat &#038; Sandmandala<\/h4><span class=\"av-upcoming-event-meta\"><span class=\"av-upcoming-event-schedule\"><span class=\"tribe-event-date-start\">Mai 14<\/span> - <span class=\"tribe-event-date-end\">Mai 17<\/span><\/span><span class='av-upcoming-event-venue'>Studio Menla<\/span><\/span><\/span><\/a><a href='https:\/\/studiomenla.ch\/de\/index.php\/event\/guru-rinpoche-retreat\/' class='av-upcoming-event-entry av-upcoming-event-with-image'><img decoding=\"async\" loading=\"lazy\" width=\"180\" height=\"180\" src=\"https:\/\/studiomenla.ch\/wp-content\/uploads\/2026\/01\/AdobeStock_168095362-180x180.jpg\" class=\"wp-image-917 avia-img-lazy-loading-917 av-upcoming-event-image wp-post-image\" alt=\"\" srcset=\"https:\/\/studiomenla.ch\/wp-content\/uploads\/2026\/01\/AdobeStock_168095362-180x180.jpg 180w, https:\/\/studiomenla.ch\/wp-content\/uploads\/2026\/01\/AdobeStock_168095362-80x80.jpg 80w, https:\/\/studiomenla.ch\/wp-content\/uploads\/2026\/01\/AdobeStock_168095362-36x36.jpg 36w\" sizes=\"auto, (max-width: 180px) 100vw, 180px\" \/><span class=\"av-upcoming-event-data\"><h4 class='av-upcoming-event-title'>Guru Rinpoche Retreat<\/h4><span class=\"av-upcoming-event-meta\"><span class=\"av-upcoming-event-schedule\"><span class=\"tribe-event-date-start\">Juni 15<\/span> - <span class=\"tribe-event-date-end\">Juni 20<\/span><\/span><span class='av-upcoming-event-venue'>Avicenna Assisi<\/span><\/span><\/span><\/a><a href='https:\/\/studiomenla.ch\/de\/index.php\/event\/christliches-meditationsretreat-auf-kreta\/' class='av-upcoming-event-entry av-upcoming-event-with-image'><img decoding=\"async\" loading=\"lazy\" width=\"180\" height=\"180\" src=\"https:\/\/studiomenla.ch\/wp-content\/uploads\/2026\/01\/IMG_20191016_130857-180x180.jpg\" class=\"wp-image-886 avia-img-lazy-loading-886 av-upcoming-event-image wp-post-image\" alt=\"\" srcset=\"https:\/\/studiomenla.ch\/wp-content\/uploads\/2026\/01\/IMG_20191016_130857-180x180.jpg 180w, https:\/\/studiomenla.ch\/wp-content\/uploads\/2026\/01\/IMG_20191016_130857-80x80.jpg 80w, https:\/\/studiomenla.ch\/wp-content\/uploads\/2026\/01\/IMG_20191016_130857-36x36.jpg 36w\" sizes=\"auto, (max-width: 180px) 100vw, 180px\" \/><span class=\"av-upcoming-event-data\"><h4 class='av-upcoming-event-title'>Christliches Meditationsretreat auf Kreta<\/h4><span class=\"av-upcoming-event-meta\"><span class=\"av-upcoming-event-schedule\"><span class=\"tribe-event-date-start\">Oktober 5<\/span> - <span class=\"tribe-event-date-end\">Oktober 17<\/span><\/span><span class='av-upcoming-event-venue'>Kreta<\/span><\/span><\/span><\/a><\/div><\/p><\/div>\n","protected":false},"excerpt":{"rendered":"","protected":false},"author":1,"featured_media":0,"parent":0,"menu_order":0,"comment_status":"closed","ping_status":"open","template":"","meta":{"footnotes":""},"class_list":["post-412","page","type-page","status-publish","hentry"],"_links":{"self":[{"href":"https:\/\/studiomenla.ch\/de\/index.php\/wp-json\/wp\/v2\/pages\/412","targetHints":{"allow":["GET"]}}],"collection":[{"href":"https:\/\/studiomenla.ch\/de\/index.php\/wp-json\/wp\/v2\/pages"}],"about":[{"href":"https:\/\/studiomenla.ch\/de\/index.php\/wp-json\/wp\/v2\/types\/page"}],"author":[{"embeddable":true,"href":"https:\/\/studiomenla.ch\/de\/index.php\/wp-json\/wp\/v2\/users\/1"}],"replies":[{"embeddable":true,"href":"https:\/\/studiomenla.ch\/de\/index.php\/wp-json\/wp\/v2\/comments?post=412"}],"version-history":[{"count":8,"href":"https:\/\/studiomenla.ch\/de\/index.php\/wp-json\/wp\/v2\/pages\/412\/revisions"}],"predecessor-version":[{"id":936,"href":"https:\/\/studiomenla.ch\/de\/index.php\/wp-json\/wp\/v2\/pages\/412\/revisions\/936"}],"wp:attachment":[{"href":"https:\/\/studiomenla.ch\/de\/index.php\/wp-json\/wp\/v2\/media?parent=412"}],"curies":[{"name":"wp","href":"https:\/\/api.w.org\/{rel}","templated":true}]}}