{"id":429,"date":"2024-08-21T10:08:18","date_gmt":"2024-08-21T08:08:18","guid":{"rendered":"https:\/\/kopiveno.cyon.site\/?page_id=429"},"modified":"2025-06-18T20:48:05","modified_gmt":"2025-06-18T18:48:05","slug":"impressum-datenschutz","status":"publish","type":"page","link":"https:\/\/studiomenla.ch\/de\/index.php\/impressum-datenschutz\/","title":{"rendered":"Impressum \/ Datenschutz"},"content":{"rendered":"\n<style type=\"text\/css\" data-created_by=\"avia_inline_auto\" id=\"style-css-av-mbuux8he-175a6e8233b00a0c7cee156647cb7c7d\">\n.avia-section.av-mbuux8he-175a6e8233b00a0c7cee156647cb7c7d{\nbackground-repeat:no-repeat;\nbackground-image:url(https:\/\/studiomenla.ch\/wp-content\/uploads\/2025\/06\/AdobeStock_658842153-scaled.jpeg);\nbackground-position:0% 50%;\nbackground-attachment:fixed;\n}\n<\/style>\n<div id='av_section_1'  class='avia-section av-mbuux8he-175a6e8233b00a0c7cee156647cb7c7d main_color avia-section-default avia-no-border-styling  avia-builder-el-0  el_before_av_textblock  avia-builder-el-first  avia-full-stretch avia-bg-style-fixed av-minimum-height av-minimum-height-50 av-height-50  container_wrap fullsize'  data-section-bg-repeat='stretch' data-av_minimum_height_pc='50' data-av_min_height_opt='50'><div class='container av-section-cont-open' ><main  role=\"main\" itemprop=\"mainContentOfPage\"  class='template-page content  av-content-full alpha units'><div class='post-entry post-entry-type-page post-entry-429'><div class='entry-content-wrapper clearfix'><\/div><\/div><\/main><!-- close content main element --><\/div><\/div><div id='after_section_1'  class='main_color av_default_container_wrap container_wrap fullsize'  ><div class='container av-section-cont-open' ><div class='template-page content  av-content-full alpha units'><div class='post-entry post-entry-type-page post-entry-429'><div class='entry-content-wrapper clearfix'>\n<section  class='av_textblock_section av-mbuuvq29-8bca2f4f3141e24f5d5f4967fe89ab7d '   itemscope=\"itemscope\" itemtype=\"https:\/\/schema.org\/CreativeWork\" ><div class='avia_textblock'  itemprop=\"text\" ><h2>Impressum<\/h2>\n<p>Traditionelle Chinesische Medizin \u00a0TCM &#8211; Studio Menla<br \/>\nDiana Forster<br \/>\nIm CentroVitae<br \/>\nViale Stazione 14<br \/>\n6500 Bellinzona<br \/>\nSchweiz<\/p>\n<p class=\"p1\"><span class=\"s1\"><a href=\"mailto:diana@studiomenla.ch\">diana@studiomenla.ch<\/a><br \/>\n+41 79 246 16 33 (anche WhatsApp)<\/span><\/p>\n<\/div><\/section>\n<section  class='av_textblock_section av-mbuv0zaz-3a5897c766778896d8f7b3a621973196 '   itemscope=\"itemscope\" itemtype=\"https:\/\/schema.org\/CreativeWork\" ><div class='avia_textblock'  itemprop=\"text\" ><h2>Datenschutz<\/h2>\n<p><strong>Verantwortliche und Inhalt dieser Datenschutzerkl\u00e4rung<\/strong><\/p>\n<p>Wir, Studio Menla (Diana Forster, Viale Stazione 14, 6500 Bellinzona), sind Betreiberin der Website <a href=\"https:\/\/www.spazio-da-vivere.ch\/\">www.studio-menla.ch<\/a>\u00a0(\u201cWebsite\u201d) sowie Ihr Vertragspartner f\u00fcr bei uns bezogene Dienstleistungen. Soweit dies nicht anders angegeben, sind wir verantwortlich f\u00fcr die in dieser Datenschutzerkl\u00e4rung aufgef\u00fchrten Datenbearbeitungen.<\/p>\n<p>Wir orientieren uns beim Datenschutz vorwiegend an den gesetzlichen Vorgaben des Schweizerischen Datenschutzrechts, insbesondere dem Bundesgesetz \u00fcber den Datenschutz (\u201cDSG\u201d), sowie der EU-Datenschutzgrundverordnung (\u201cDSGVO\u201d), deren Vorschriften in Einzelf\u00e4llen anwendbar sein k\u00f6nnen.<\/p>\n<\/div><\/section>\n","protected":false},"excerpt":{"rendered":"","protected":false},"author":1,"featured_media":0,"parent":0,"menu_order":0,"comment_status":"closed","ping_status":"open","template":"","meta":{"footnotes":""},"class_list":["post-429","page","type-page","status-publish","hentry"],"_links":{"self":[{"href":"https:\/\/studiomenla.ch\/de\/index.php\/wp-json\/wp\/v2\/pages\/429","targetHints":{"allow":["GET"]}}],"collection":[{"href":"https:\/\/studiomenla.ch\/de\/index.php\/wp-json\/wp\/v2\/pages"}],"about":[{"href":"https:\/\/studiomenla.ch\/de\/index.php\/wp-json\/wp\/v2\/types\/page"}],"author":[{"embeddable":true,"href":"https:\/\/studiomenla.ch\/de\/index.php\/wp-json\/wp\/v2\/users\/1"}],"replies":[{"embeddable":true,"href":"https:\/\/studiomenla.ch\/de\/index.php\/wp-json\/wp\/v2\/comments?post=429"}],"version-history":[{"count":5,"href":"https:\/\/studiomenla.ch\/de\/index.php\/wp-json\/wp\/v2\/pages\/429\/revisions"}],"predecessor-version":[{"id":660,"href":"https:\/\/studiomenla.ch\/de\/index.php\/wp-json\/wp\/v2\/pages\/429\/revisions\/660"}],"wp:attachment":[{"href":"https:\/\/studiomenla.ch\/de\/index.php\/wp-json\/wp\/v2\/media?parent=429"}],"curies":[{"name":"wp","href":"https:\/\/api.w.org\/{rel}","templated":true}]}}