{"id":82,"date":"2025-05-19T10:18:07","date_gmt":"2025-05-19T08:18:07","guid":{"rendered":"https:\/\/kopiveno.cyon.site\/?page_id=82"},"modified":"2026-02-25T15:38:12","modified_gmt":"2026-02-25T14:38:12","slug":"su-di-me","status":"publish","type":"page","link":"https:\/\/studiomenla.ch\/index.php\/su-di-me\/","title":{"rendered":"Su di me"},"content":{"rendered":"\n<style type=\"text\/css\" data-created_by=\"avia_inline_auto\" id=\"style-css-av-mbuu6vgb-a97168f744d6e9d361a4923f28b66806\">\n.avia-section.av-mbuu6vgb-a97168f744d6e9d361a4923f28b66806{\nbackground-repeat:no-repeat;\nbackground-image:url(https:\/\/studiomenla.ch\/wp-content\/uploads\/2025\/06\/AdobeStock_208023141-scaled.jpeg);\nbackground-position:50% 0%;\nbackground-attachment:fixed;\n}\n<\/style>\n<div id='av_section_1'  class='avia-section av-mbuu6vgb-a97168f744d6e9d361a4923f28b66806 main_color avia-section-default avia-no-border-styling  avia-builder-el-0  el_before_av_two_third  avia-builder-el-first  avia-full-stretch avia-bg-style-fixed av-minimum-height av-minimum-height-50 av-height-50  container_wrap fullsize'  data-section-bg-repeat='stretch' data-av_minimum_height_pc='50' data-av_min_height_opt='50'><div class='container av-section-cont-open' ><main  role=\"main\" itemprop=\"mainContentOfPage\"  class='template-page content  av-content-full alpha units'><div class='post-entry post-entry-type-page post-entry-82'><div class='entry-content-wrapper clearfix'><\/div><\/div><\/main><!-- close content main element --><\/div><\/div><div id='after_section_1'  class='main_color av_default_container_wrap container_wrap fullsize'  ><div class='container av-section-cont-open' ><div class='template-page content  av-content-full alpha units'><div class='post-entry post-entry-type-page post-entry-82'><div class='entry-content-wrapper clearfix'>\n<div  class='flex_column av-kgq-58ba9c16f4eb885a7e8f27b0606ddeb7 av_two_third  avia-builder-el-1  el_after_av_section  el_before_av_one_third  avia-builder-el-first  first flex_column_div  '     ><p>\n<style type=\"text\/css\" data-created_by=\"avia_inline_auto\" id=\"style-css-av-mauszaco-d701fbe587d4785e0dbe52080a2876b8\">\n#top .av-special-heading.av-mauszaco-d701fbe587d4785e0dbe52080a2876b8{\npadding-bottom:10px;\n}\nbody .av-special-heading.av-mauszaco-d701fbe587d4785e0dbe52080a2876b8 .av-special-heading-tag .heading-char{\nfont-size:25px;\n}\n.av-special-heading.av-mauszaco-d701fbe587d4785e0dbe52080a2876b8 .av-subheading{\nfont-size:15px;\n}\n<\/style>\n<div  class='av-special-heading av-mauszaco-d701fbe587d4785e0dbe52080a2876b8 av-special-heading-h1 blockquote modern-quote  avia-builder-el-2  el_before_av_textblock  avia-builder-el-first '><h1 class='av-special-heading-tag'  itemprop=\"headline\"  >\ud83c\udf3c Su di me \u2013 La guarigione come vocazione<\/h1><div class=\"special-heading-border\"><div class=\"special-heading-inner-border\"><\/div><\/div><\/div><br \/>\n<section  class='av_textblock_section av-46sy-116cffbd50feea9e27998052508e0657 '   itemscope=\"itemscope\" itemtype=\"https:\/\/schema.org\/CreativeWork\" ><div class='avia_textblock'  itemprop=\"text\" ><p>Per me, la guarigione non \u00e8 solo un\u2019attivit\u00e0: \u00e8 una vocazione profonda.<\/p>\n<p>Il mio cammino nasce da un legame autentico con il misticismo, che fin da giovane ha nutrito la mia ricerca interiore. Sono ispirata dagli insegnamenti di saggezza del buddhismo, del sufismo e del cristianesimo: percorsi spirituali che mi accompagnano da sempre e che arricchiscono continuamente la mia esperienza e la mia realizzazione interiore.<\/p>\n<p>Trovo pace e chiarezza nella meditazione quotidiana, e rigenerazione nella natura. Le passeggiate nei boschi, in montagna o lungo le rive di un lago sono per me momenti preziosi di connessione profonda con gli elementi.<br \/>\nMa la mia gioia nasce anche dalle piccole cose della vita: mi appassiona seguire il calcio e l\u2019hockey su ghiaccio, godere della silenziosa compagnia del mio gatto Shiva e immergermi con entusiasmo nella scoperta della lingua cinese.<br \/>\nAmo leggere e perdermi tra le pagine di un buon libro, cos\u00ec come scrivere poesie e racconti brevi, che mi offrono uno spazio di creativit\u00e0 e introspezione.<\/p>\n<p>La Medicina Tradizionale Cinese \u00e8 per me un sentiero vivente, una fonte inesauribile di ispirazione. Ogni giorno imparo qualcosa di nuovo: nella teoria, nella pratica o nello studio silenzioso. \u00c8 un cammino continuo di apprendimento, meraviglia e profondit\u00e0.<br \/>\nRileggo spesso i testi specialistici per guardarli con occhi sempre nuovi, approfondire e comprendere pi\u00f9 a fondo la saggezza di questa antica scienza.<\/p>\n<p>Nel mio lavoro di terapeuta unisco tutte queste esperienze con il desiderio sincero di accompagnare il processo di guarigione con cuore e presenza.<br \/>\nMi ispiro alle Quattro Qualit\u00e0 Incommensurabili: equanimit\u00e0, amore, compassione e gioia compartecipe. Queste qualit\u00e0 sono per me come una luce interiore che orienta il mio operato e trasforma il mio lavoro in una forma viva di pratica spirituale.<\/p>\n<\/div><\/section><br \/>\n<section  class='av_textblock_section av-mbuuc4c6-a23a936c7bd23b52a6df1c465659806f '   itemscope=\"itemscope\" itemtype=\"https:\/\/schema.org\/CreativeWork\" ><div class='avia_textblock'  itemprop=\"text\" ><p>\ud83d\udcda <strong>Formazione terapeutica<\/strong><\/p>\n<p class=\"p1\">In corso (dal 2025): Naturopata MTC (agopuntura, tuina, farmacoterapia cinese) con diploma federale<\/p>\n<p>2025: Naturopata MTC (agopuntura, tuina, farmacoterapia cinese) con certificato Oml AM<\/p>\n<p>2019\u20132025: Numerosi corsi di formazione continua presso l\u2019Istituto Avicenna di Assisi (Claude Diolosa) su:<\/p>\n<ul>\n<li class=\"p1\">TCM Mindmapping<\/li>\n<li class=\"p1\">Astrologia cinese (BaZi) &amp; Yi Jing<\/li>\n<li class=\"p1\">Tronchi celesti &amp; rami terrestri<\/li>\n<li class=\"p1\">Wen Bing Lun (WBL)<\/li>\n<li class=\"p1\">Shang Han Lun (SHL)<\/li>\n<li class=\"p1\">San Bao Bian Zheng (diagnosi differenziale)<\/li>\n<li class=\"p1\">Malattie autoimmuni, neurologiche e psicosomatiche<\/li>\n<li class=\"p1\">Dietetica, pediatria, diagnosi facciale<\/li>\n<li class=\"p1\">Accompagnamento alla morte<\/li>\n<li class=\"p1\">Otto meridiani straordinari (Qi Jing Ba Mai)<\/li>\n<li class=\"p1\">Erbe occidentali secondo i principi della MTC<\/li>\n<\/ul>\n<p class=\"p1\">2019: Terapista certificata in agopuntura e farmacologia cinese, Istituto Avicenna \u2013 Claude Diolosa<\/p>\n<p>2018: Stage clinico presso la Chengdu University of Traditional Chinese Medicine, Cina<\/p>\n<p>2015: Terapista Tuina certificata \u2013 Biomedica, Zurigo<\/p>\n<p>2011: Terapista certificata di riflessologia plantare e massaggiatrice professionista \u2013 Bodyfeet<\/p>\n<\/div><\/section><br \/>\n<section  class='av_textblock_section av-mbuud9rd-741ea0557a0172feb68151d72edf0d5f '   itemscope=\"itemscope\" itemtype=\"https:\/\/schema.org\/CreativeWork\" ><div class='avia_textblock'  itemprop=\"text\" ><p>\ud83c\udf31 <strong>Attivit\u00e0 attuale<\/strong><\/p>\n<p>Collaborazione con l\u2019Istituto Avicenna di Assisi (Claude Diolosa):<\/p>\n<ul>\n<li>Segreteria scolastica online<\/li>\n<li>Consulenze e assistenza a pazienti online<\/li>\n<\/ul>\n<\/div><\/section><br \/>\n<section  class='av_textblock_section av-mbuudzjw-2e1c0fcd45e47aa964107572845766fe '   itemscope=\"itemscope\" itemtype=\"https:\/\/schema.org\/CreativeWork\" ><div class='avia_textblock'  itemprop=\"text\" ><p>\ud83d\udcdc <strong>Esperienze precedenti<\/strong><\/p>\n<ul>\n<li class=\"p1\">Co-direzione dell\u2019Istituto Avicenna (MTC) ad Assisi, in collaborazione con Claude Diolosa<\/li>\n<li class=\"p1\">Operatrice termale e receptionist in centri benessere, hammam e spa in Svizzera<\/li>\n<li class=\"p1\">Collaboratrice scientifica presso MeteoSvizzera e Universit\u00e0 di Ginevra<\/li>\n<li class=\"p1\">Laureata in Geografia con specializzazione in climatologia<\/li>\n<li class=\"p1\">Allenatrice di calcio a livello dilettantistico e agonistico (settore giovanile femminile)<\/li>\n<\/ul>\n<\/div><\/section><\/p><\/div><div  class='flex_column av-2cv8e-f2fa9c8bfda387115f81ec8d8ac22e17 av_one_third  avia-builder-el-7  el_after_av_two_third  el_before_av_two_third  flex_column_div  '     ><style type=\"text\/css\" data-created_by=\"avia_inline_auto\" id=\"style-css-av-mbzh6zf1-e6a7479cab7b9c58c18ac3e26c69ed73\">\n.avia-image-container.av-mbzh6zf1-e6a7479cab7b9c58c18ac3e26c69ed73 img.avia_image{\nbox-shadow:none;\n}\n.avia-image-container.av-mbzh6zf1-e6a7479cab7b9c58c18ac3e26c69ed73 .av-image-caption-overlay-center{\ncolor:#ffffff;\n}\n<\/style>\n<div  class='avia-image-container av-mbzh6zf1-e6a7479cab7b9c58c18ac3e26c69ed73 av-styling- avia-align-center  avia-builder-el-8  avia-builder-el-no-sibling '   itemprop=\"image\" itemscope=\"itemscope\" itemtype=\"https:\/\/schema.org\/ImageObject\" ><div class=\"avia-image-container-inner\"><div class=\"avia-image-overlay-wrap\"><img decoding=\"async\" fetchpriority=\"high\" class='wp-image-832 avia-img-lazy-loading-not-832 avia_image ' src=\"https:\/\/studiomenla.ch\/wp-content\/uploads\/2026\/01\/PHOTO-2025-12-26-11-12-26-606x1030.jpg\" alt='' title='Diana'  height=\"1030\" width=\"606\"  itemprop=\"thumbnailUrl\" srcset=\"https:\/\/studiomenla.ch\/wp-content\/uploads\/2026\/01\/PHOTO-2025-12-26-11-12-26-606x1030.jpg 606w, https:\/\/studiomenla.ch\/wp-content\/uploads\/2026\/01\/PHOTO-2025-12-26-11-12-26-177x300.jpg 177w, https:\/\/studiomenla.ch\/wp-content\/uploads\/2026\/01\/PHOTO-2025-12-26-11-12-26-768x1305.jpg 768w, https:\/\/studiomenla.ch\/wp-content\/uploads\/2026\/01\/PHOTO-2025-12-26-11-12-26-904x1536.jpg 904w, https:\/\/studiomenla.ch\/wp-content\/uploads\/2026\/01\/PHOTO-2025-12-26-11-12-26-883x1500.jpg 883w, https:\/\/studiomenla.ch\/wp-content\/uploads\/2026\/01\/PHOTO-2025-12-26-11-12-26-415x705.jpg 415w, https:\/\/studiomenla.ch\/wp-content\/uploads\/2026\/01\/PHOTO-2025-12-26-11-12-26.jpg 1205w\" sizes=\"(max-width: 606px) 100vw, 606px\" \/><\/div><\/div><\/div><\/div><\/p>\n<div  class='flex_column av-ylie-d66ba158941e2bee4e2806e2837bb75b av_two_third  avia-builder-el-9  el_after_av_one_third  avia-builder-el-last  first flex_column_div  column-top-margin'     ><section  class='av_textblock_section av-mbuwttua-b5bbc23c09a40aa26a8d8b622408bae3 '   itemscope=\"itemscope\" itemtype=\"https:\/\/schema.org\/CreativeWork\" ><div class='av-desktop-hide av-medium-hide avia_textblock'  itemprop=\"text\" ><h2>Events<\/h2>\n<\/div><\/section><br \/>\n<div  class='av-upcoming-events av-mbuwtyak-dfb34beb229882f396737980c1ce0865  avia-builder-el-11  el_after_av_textblock  avia-builder-el-last  av-desktop-hide av-medium-hide'><a href='https:\/\/studiomenla.ch\/index.php\/event\/ritiro-buddha-medicina-2026\/' class='av-upcoming-event-entry av-upcoming-event-with-image'><img decoding=\"async\" loading=\"lazy\" width=\"180\" height=\"180\" src=\"https:\/\/studiomenla.ch\/wp-content\/uploads\/2025\/06\/AdobeStock_946292518_min-180x180.jpg\" class=\"wp-image-905 avia-img-lazy-loading-905 av-upcoming-event-image wp-post-image\" alt=\"\" srcset=\"https:\/\/studiomenla.ch\/wp-content\/uploads\/2025\/06\/AdobeStock_946292518_min-180x180.jpg 180w, https:\/\/studiomenla.ch\/wp-content\/uploads\/2025\/06\/AdobeStock_946292518_min-80x80.jpg 80w, https:\/\/studiomenla.ch\/wp-content\/uploads\/2025\/06\/AdobeStock_946292518_min-36x36.jpg 36w\" sizes=\"auto, (max-width: 180px) 100vw, 180px\" \/><span class=\"av-upcoming-event-data\"><h4 class='av-upcoming-event-title'>Ritiro del Buddha della Medicina &#038; mandala di sabbia<\/h4><span class=\"av-upcoming-event-meta\"><span class=\"av-upcoming-event-schedule\"><span class=\"tribe-event-date-start\">Maggio 14<\/span> - <span class=\"tribe-event-date-end\">Maggio 17<\/span><\/span><span class='av-upcoming-event-venue'>Studio Menla<\/span><\/span><\/span><\/a><a href='https:\/\/studiomenla.ch\/index.php\/event\/ritiro-di-guru-rinpoche\/' class='av-upcoming-event-entry av-upcoming-event-with-image'><img decoding=\"async\" loading=\"lazy\" width=\"180\" height=\"180\" src=\"https:\/\/studiomenla.ch\/wp-content\/uploads\/2026\/01\/AdobeStock_168095362-180x180.jpg\" class=\"wp-image-918 avia-img-lazy-loading-918 av-upcoming-event-image wp-post-image\" alt=\"\" srcset=\"https:\/\/studiomenla.ch\/wp-content\/uploads\/2026\/01\/AdobeStock_168095362-180x180.jpg 180w, https:\/\/studiomenla.ch\/wp-content\/uploads\/2026\/01\/AdobeStock_168095362-80x80.jpg 80w, https:\/\/studiomenla.ch\/wp-content\/uploads\/2026\/01\/AdobeStock_168095362-36x36.jpg 36w\" sizes=\"auto, (max-width: 180px) 100vw, 180px\" \/><span class=\"av-upcoming-event-data\"><h4 class='av-upcoming-event-title'>Ritiro di Guru Rinpoche<\/h4><span class=\"av-upcoming-event-meta\"><span class=\"av-upcoming-event-schedule\"><span class=\"tribe-event-date-start\">Giugno 15<\/span> - <span class=\"tribe-event-date-end\">Giugno 20<\/span><\/span><span class='av-upcoming-event-venue'>Avicenna Assisi<\/span><\/span><\/span><\/a><a href='https:\/\/studiomenla.ch\/index.php\/event\/ritiro-di-meditazione-cristiana-a-creta\/' class='av-upcoming-event-entry av-upcoming-event-with-image'><img decoding=\"async\" loading=\"lazy\" width=\"180\" height=\"180\" src=\"https:\/\/studiomenla.ch\/wp-content\/uploads\/2026\/01\/IMG_20191016_130857-180x180.jpg\" class=\"wp-image-887 avia-img-lazy-loading-887 av-upcoming-event-image wp-post-image\" alt=\"\" srcset=\"https:\/\/studiomenla.ch\/wp-content\/uploads\/2026\/01\/IMG_20191016_130857-180x180.jpg 180w, https:\/\/studiomenla.ch\/wp-content\/uploads\/2026\/01\/IMG_20191016_130857-80x80.jpg 80w, https:\/\/studiomenla.ch\/wp-content\/uploads\/2026\/01\/IMG_20191016_130857-36x36.jpg 36w\" sizes=\"auto, (max-width: 180px) 100vw, 180px\" \/><span class=\"av-upcoming-event-data\"><h4 class='av-upcoming-event-title'>Ritiro di meditazione cristiana a Creta<\/h4><span class=\"av-upcoming-event-meta\"><span class=\"av-upcoming-event-schedule\"><span class=\"tribe-event-date-start\">Ottobre 5<\/span> - <span class=\"tribe-event-date-end\">Ottobre 17<\/span><\/span><span class='av-upcoming-event-venue'>Kreta<\/span><\/span><\/span><\/a><\/div><\/p><\/div>\n","protected":false},"excerpt":{"rendered":"","protected":false},"author":1,"featured_media":0,"parent":0,"menu_order":0,"comment_status":"closed","ping_status":"open","template":"","meta":{"footnotes":""},"class_list":["post-82","page","type-page","status-publish","hentry"],"_links":{"self":[{"href":"https:\/\/studiomenla.ch\/index.php\/wp-json\/wp\/v2\/pages\/82","targetHints":{"allow":["GET"]}}],"collection":[{"href":"https:\/\/studiomenla.ch\/index.php\/wp-json\/wp\/v2\/pages"}],"about":[{"href":"https:\/\/studiomenla.ch\/index.php\/wp-json\/wp\/v2\/types\/page"}],"author":[{"embeddable":true,"href":"https:\/\/studiomenla.ch\/index.php\/wp-json\/wp\/v2\/users\/1"}],"replies":[{"embeddable":true,"href":"https:\/\/studiomenla.ch\/index.php\/wp-json\/wp\/v2\/comments?post=82"}],"version-history":[{"count":43,"href":"https:\/\/studiomenla.ch\/index.php\/wp-json\/wp\/v2\/pages\/82\/revisions"}],"predecessor-version":[{"id":940,"href":"https:\/\/studiomenla.ch\/index.php\/wp-json\/wp\/v2\/pages\/82\/revisions\/940"}],"wp:attachment":[{"href":"https:\/\/studiomenla.ch\/index.php\/wp-json\/wp\/v2\/media?parent=82"}],"curies":[{"name":"wp","href":"https:\/\/api.w.org\/{rel}","templated":true}]}}